{"id":2780,"date":"2022-02-24T17:42:34","date_gmt":"2022-02-24T17:42:34","guid":{"rendered":"https:\/\/reymu.com.ar\/web\/?post_type=product&#038;p=2780"},"modified":"2022-05-19T19:30:33","modified_gmt":"2022-05-19T19:30:33","slug":"escalera-aluminio-extensible-16-escalones-pro-cod-325","status":"publish","type":"product","link":"https:\/\/reymu.com.ar\/web\/producto\/escaleras\/escalera-aluminio-extensible-16-escalones-pro-cod-325\/","title":{"rendered":"ESCALERA ALUMINIO EXTENSIBLE 16 ESCALONES PRO (C\u00d3D. 325)"},"content":{"rendered":"<p><strong>FICHA T\u00c9CNICA<\/strong><br \/>\nEscalera extensible de aluminio<br \/>\nTipo: recta.<br \/>\nEspesor de aluminio: 1,6 mm<br \/>\nCantidad de escalones: 16<br \/>\nTramos: 2<br \/>\nAltura nominal: 4,90 \/ 8,90 metros.<br \/>\nAltura m\u00e1xima de trabajo: 9,90 metros.<br \/>\nCapacidad de carga: hasta 150kg.<br \/>\nOrigen: China<\/p>\n<p>&nbsp;<\/p>\n<p><em>Brindamos una soluci\u00f3n a medida para cada necesidad. No dudes en <a href=\"https:\/\/reymu.com.ar\/web\/contacto\/\">consultarnos<\/a>.<\/em><\/p>\n","protected":false},"excerpt":{"rendered":"<p>Escalera extensible de aluminio s\u00faper reforzada, l\u00ednea profesional. Ideal para trabajos profesionales que requieren determinada altura. Posee roldanas de apoyo en polipropileno, patas antideslizantes y trabas de seguridad lateral.<\/p>\n<p>&nbsp;<\/p>\n<p><a href=\"https:\/\/reymu.com.ar\/pdf-descargables\/ficha-tecnica_escaleras-de-aluminio-extensibles-pro.pdf\" target=\"_blank\" rel=\"noopener\">Ficha t\u00e9cnica PDF<\/a> | <a href=\"https:\/\/reymu.com.ar\/listas\/catalogo-de-productos-reymu.pdf\" target=\"_blank\" rel=\"noopener\">Lista completa de productos<\/a><\/p>\n","protected":false},"featured_media":2778,"template":"","meta":{"_joinchat":[]},"product_brand":[],"product_cat":[30],"product_tag":[],"class_list":{"0":"post-2780","1":"product","2":"type-product","3":"status-publish","4":"has-post-thumbnail","6":"product_cat-escaleras","8":"first","9":"instock","10":"shipping-taxable","11":"product-type-simple"},"yoast_head":"<!-- This site is optimized with the Yoast SEO plugin v24.0 - https:\/\/yoast.com\/wordpress\/plugins\/seo\/ -->\n<title>ESCALERA ALUMINIO EXTENSIBLE 16 ESCALONES PRO (C\u00d3D. 325) - BIENVENIDOS<\/title>\n<meta name=\"robots\" content=\"index, follow, max-snippet:-1, max-image-preview:large, max-video-preview:-1\" \/>\n<link rel=\"canonical\" href=\"https:\/\/reymu.com.ar\/web\/producto\/escaleras\/escalera-aluminio-extensible-16-escalones-pro-cod-325\/\" \/>\n<meta property=\"og:locale\" content=\"es_ES\" \/>\n<meta property=\"og:type\" content=\"article\" \/>\n<meta property=\"og:title\" content=\"ESCALERA ALUMINIO EXTENSIBLE 16 ESCALONES PRO (C\u00d3D. 325) - BIENVENIDOS\" \/>\n<meta property=\"og:description\" content=\"Escalera extensible de aluminio s\u00faper reforzada, l\u00ednea profesional. Ideal para trabajos profesionales que requieren determinada altura. Posee roldanas de apoyo en polipropileno, patas antideslizantes y trabas de seguridad lateral.  &nbsp;  Ficha t\u00e9cnica PDF | Lista completa de productos\" \/>\n<meta property=\"og:url\" content=\"https:\/\/reymu.com.ar\/web\/producto\/escaleras\/escalera-aluminio-extensible-16-escalones-pro-cod-325\/\" \/>\n<meta property=\"og:site_name\" content=\"BIENVENIDOS\" \/>\n<meta property=\"article:modified_time\" content=\"2022-05-19T19:30:33+00:00\" \/>\n<meta property=\"og:image\" content=\"https:\/\/reymu.com.ar\/web\/wp-content\/uploads\/2022\/02\/escalera-extensible-pro.jpg\" \/>\n\t<meta property=\"og:image:width\" content=\"1080\" \/>\n\t<meta property=\"og:image:height\" content=\"1080\" \/>\n\t<meta property=\"og:image:type\" content=\"image\/jpeg\" \/>\n<meta name=\"twitter:card\" content=\"summary_large_image\" \/>\n<script type=\"application\/ld+json\" class=\"yoast-schema-graph\">{\"@context\":\"https:\/\/schema.org\",\"@graph\":[{\"@type\":\"WebPage\",\"@id\":\"https:\/\/reymu.com.ar\/web\/producto\/escaleras\/escalera-aluminio-extensible-16-escalones-pro-cod-325\/\",\"url\":\"https:\/\/reymu.com.ar\/web\/producto\/escaleras\/escalera-aluminio-extensible-16-escalones-pro-cod-325\/\",\"name\":\"ESCALERA ALUMINIO EXTENSIBLE 16 ESCALONES PRO (C\u00d3D. 325) - BIENVENIDOS\",\"isPartOf\":{\"@id\":\"https:\/\/reymu.com.ar\/web\/#website\"},\"primaryImageOfPage\":{\"@id\":\"https:\/\/reymu.com.ar\/web\/producto\/escaleras\/escalera-aluminio-extensible-16-escalones-pro-cod-325\/#primaryimage\"},\"image\":{\"@id\":\"https:\/\/reymu.com.ar\/web\/producto\/escaleras\/escalera-aluminio-extensible-16-escalones-pro-cod-325\/#primaryimage\"},\"thumbnailUrl\":\"https:\/\/reymu.com.ar\/web\/wp-content\/uploads\/2022\/02\/escalera-extensible-pro.jpg\",\"datePublished\":\"2022-02-24T17:42:34+00:00\",\"dateModified\":\"2022-05-19T19:30:33+00:00\",\"breadcrumb\":{\"@id\":\"https:\/\/reymu.com.ar\/web\/producto\/escaleras\/escalera-aluminio-extensible-16-escalones-pro-cod-325\/#breadcrumb\"},\"inLanguage\":\"es-AR\",\"potentialAction\":[{\"@type\":\"ReadAction\",\"target\":[\"https:\/\/reymu.com.ar\/web\/producto\/escaleras\/escalera-aluminio-extensible-16-escalones-pro-cod-325\/\"]}]},{\"@type\":\"ImageObject\",\"inLanguage\":\"es-AR\",\"@id\":\"https:\/\/reymu.com.ar\/web\/producto\/escaleras\/escalera-aluminio-extensible-16-escalones-pro-cod-325\/#primaryimage\",\"url\":\"https:\/\/reymu.com.ar\/web\/wp-content\/uploads\/2022\/02\/escalera-extensible-pro.jpg\",\"contentUrl\":\"https:\/\/reymu.com.ar\/web\/wp-content\/uploads\/2022\/02\/escalera-extensible-pro.jpg\",\"width\":1080,\"height\":1080},{\"@type\":\"BreadcrumbList\",\"@id\":\"https:\/\/reymu.com.ar\/web\/producto\/escaleras\/escalera-aluminio-extensible-16-escalones-pro-cod-325\/#breadcrumb\",\"itemListElement\":[{\"@type\":\"ListItem\",\"position\":1,\"name\":\"Inicio\",\"item\":\"https:\/\/reymu.com.ar\/web\/\"},{\"@type\":\"ListItem\",\"position\":2,\"name\":\"Tienda\",\"item\":\"https:\/\/reymu.com.ar\/web\/tienda\/\"},{\"@type\":\"ListItem\",\"position\":3,\"name\":\"ESCALERA ALUMINIO EXTENSIBLE 16 ESCALONES PRO (C\u00d3D. 325)\"}]},{\"@type\":\"WebSite\",\"@id\":\"https:\/\/reymu.com.ar\/web\/#website\",\"url\":\"https:\/\/reymu.com.ar\/web\/\",\"name\":\"BIENVENIDOS\",\"description\":\"Reymu Power &amp; Quality\",\"publisher\":{\"@id\":\"https:\/\/reymu.com.ar\/web\/#organization\"},\"potentialAction\":[{\"@type\":\"SearchAction\",\"target\":{\"@type\":\"EntryPoint\",\"urlTemplate\":\"https:\/\/reymu.com.ar\/web\/?s={search_term_string}\"},\"query-input\":{\"@type\":\"PropertyValueSpecification\",\"valueRequired\":true,\"valueName\":\"search_term_string\"}}],\"inLanguage\":\"es-AR\"},{\"@type\":\"Organization\",\"@id\":\"https:\/\/reymu.com.ar\/web\/#organization\",\"name\":\"BIENVENIDOS\",\"url\":\"https:\/\/reymu.com.ar\/web\/\",\"logo\":{\"@type\":\"ImageObject\",\"inLanguage\":\"es-AR\",\"@id\":\"https:\/\/reymu.com.ar\/web\/#\/schema\/logo\/image\/\",\"url\":\"https:\/\/reymu.com.ar\/web\/wp-content\/uploads\/2022\/03\/logo-peque-1.jpg\",\"contentUrl\":\"https:\/\/reymu.com.ar\/web\/wp-content\/uploads\/2022\/03\/logo-peque-1.jpg\",\"width\":165,\"height\":45,\"caption\":\"BIENVENIDOS\"},\"image\":{\"@id\":\"https:\/\/reymu.com.ar\/web\/#\/schema\/logo\/image\/\"}}]}<\/script>\n<!-- \/ Yoast SEO plugin. -->","yoast_head_json":{"title":"ESCALERA ALUMINIO EXTENSIBLE 16 ESCALONES PRO (C\u00d3D. 325) - BIENVENIDOS","robots":{"index":"index","follow":"follow","max-snippet":"max-snippet:-1","max-image-preview":"max-image-preview:large","max-video-preview":"max-video-preview:-1"},"canonical":"https:\/\/reymu.com.ar\/web\/producto\/escaleras\/escalera-aluminio-extensible-16-escalones-pro-cod-325\/","og_locale":"es_ES","og_type":"article","og_title":"ESCALERA ALUMINIO EXTENSIBLE 16 ESCALONES PRO (C\u00d3D. 325) - BIENVENIDOS","og_description":"Escalera extensible de aluminio s\u00faper reforzada, l\u00ednea profesional. Ideal para trabajos profesionales que requieren determinada altura. Posee roldanas de apoyo en polipropileno, patas antideslizantes y trabas de seguridad lateral.  &nbsp;  Ficha t\u00e9cnica PDF | Lista completa de productos","og_url":"https:\/\/reymu.com.ar\/web\/producto\/escaleras\/escalera-aluminio-extensible-16-escalones-pro-cod-325\/","og_site_name":"BIENVENIDOS","article_modified_time":"2022-05-19T19:30:33+00:00","og_image":[{"width":1080,"height":1080,"url":"https:\/\/reymu.com.ar\/web\/wp-content\/uploads\/2022\/02\/escalera-extensible-pro.jpg","type":"image\/jpeg"}],"twitter_card":"summary_large_image","schema":{"@context":"https:\/\/schema.org","@graph":[{"@type":"WebPage","@id":"https:\/\/reymu.com.ar\/web\/producto\/escaleras\/escalera-aluminio-extensible-16-escalones-pro-cod-325\/","url":"https:\/\/reymu.com.ar\/web\/producto\/escaleras\/escalera-aluminio-extensible-16-escalones-pro-cod-325\/","name":"ESCALERA ALUMINIO EXTENSIBLE 16 ESCALONES PRO (C\u00d3D. 325) - BIENVENIDOS","isPartOf":{"@id":"https:\/\/reymu.com.ar\/web\/#website"},"primaryImageOfPage":{"@id":"https:\/\/reymu.com.ar\/web\/producto\/escaleras\/escalera-aluminio-extensible-16-escalones-pro-cod-325\/#primaryimage"},"image":{"@id":"https:\/\/reymu.com.ar\/web\/producto\/escaleras\/escalera-aluminio-extensible-16-escalones-pro-cod-325\/#primaryimage"},"thumbnailUrl":"https:\/\/reymu.com.ar\/web\/wp-content\/uploads\/2022\/02\/escalera-extensible-pro.jpg","datePublished":"2022-02-24T17:42:34+00:00","dateModified":"2022-05-19T19:30:33+00:00","breadcrumb":{"@id":"https:\/\/reymu.com.ar\/web\/producto\/escaleras\/escalera-aluminio-extensible-16-escalones-pro-cod-325\/#breadcrumb"},"inLanguage":"es-AR","potentialAction":[{"@type":"ReadAction","target":["https:\/\/reymu.com.ar\/web\/producto\/escaleras\/escalera-aluminio-extensible-16-escalones-pro-cod-325\/"]}]},{"@type":"ImageObject","inLanguage":"es-AR","@id":"https:\/\/reymu.com.ar\/web\/producto\/escaleras\/escalera-aluminio-extensible-16-escalones-pro-cod-325\/#primaryimage","url":"https:\/\/reymu.com.ar\/web\/wp-content\/uploads\/2022\/02\/escalera-extensible-pro.jpg","contentUrl":"https:\/\/reymu.com.ar\/web\/wp-content\/uploads\/2022\/02\/escalera-extensible-pro.jpg","width":1080,"height":1080},{"@type":"BreadcrumbList","@id":"https:\/\/reymu.com.ar\/web\/producto\/escaleras\/escalera-aluminio-extensible-16-escalones-pro-cod-325\/#breadcrumb","itemListElement":[{"@type":"ListItem","position":1,"name":"Inicio","item":"https:\/\/reymu.com.ar\/web\/"},{"@type":"ListItem","position":2,"name":"Tienda","item":"https:\/\/reymu.com.ar\/web\/tienda\/"},{"@type":"ListItem","position":3,"name":"ESCALERA ALUMINIO EXTENSIBLE 16 ESCALONES PRO (C\u00d3D. 325)"}]},{"@type":"WebSite","@id":"https:\/\/reymu.com.ar\/web\/#website","url":"https:\/\/reymu.com.ar\/web\/","name":"BIENVENIDOS","description":"Reymu Power &amp; Quality","publisher":{"@id":"https:\/\/reymu.com.ar\/web\/#organization"},"potentialAction":[{"@type":"SearchAction","target":{"@type":"EntryPoint","urlTemplate":"https:\/\/reymu.com.ar\/web\/?s={search_term_string}"},"query-input":{"@type":"PropertyValueSpecification","valueRequired":true,"valueName":"search_term_string"}}],"inLanguage":"es-AR"},{"@type":"Organization","@id":"https:\/\/reymu.com.ar\/web\/#organization","name":"BIENVENIDOS","url":"https:\/\/reymu.com.ar\/web\/","logo":{"@type":"ImageObject","inLanguage":"es-AR","@id":"https:\/\/reymu.com.ar\/web\/#\/schema\/logo\/image\/","url":"https:\/\/reymu.com.ar\/web\/wp-content\/uploads\/2022\/03\/logo-peque-1.jpg","contentUrl":"https:\/\/reymu.com.ar\/web\/wp-content\/uploads\/2022\/03\/logo-peque-1.jpg","width":165,"height":45,"caption":"BIENVENIDOS"},"image":{"@id":"https:\/\/reymu.com.ar\/web\/#\/schema\/logo\/image\/"}}]}},"_links":{"self":[{"href":"https:\/\/reymu.com.ar\/web\/wp-json\/wp\/v2\/product\/2780","targetHints":{"allow":["GET"]}}],"collection":[{"href":"https:\/\/reymu.com.ar\/web\/wp-json\/wp\/v2\/product"}],"about":[{"href":"https:\/\/reymu.com.ar\/web\/wp-json\/wp\/v2\/types\/product"}],"wp:featuredmedia":[{"embeddable":true,"href":"https:\/\/reymu.com.ar\/web\/wp-json\/wp\/v2\/media\/2778"}],"wp:attachment":[{"href":"https:\/\/reymu.com.ar\/web\/wp-json\/wp\/v2\/media?parent=2780"}],"wp:term":[{"taxonomy":"product_brand","embeddable":true,"href":"https:\/\/reymu.com.ar\/web\/wp-json\/wp\/v2\/product_brand?post=2780"},{"taxonomy":"product_cat","embeddable":true,"href":"https:\/\/reymu.com.ar\/web\/wp-json\/wp\/v2\/product_cat?post=2780"},{"taxonomy":"product_tag","embeddable":true,"href":"https:\/\/reymu.com.ar\/web\/wp-json\/wp\/v2\/product_tag?post=2780"}],"curies":[{"name":"wp","href":"https:\/\/api.w.org\/{rel}","templated":true}]}}