{"id":2614,"date":"2021-12-21T18:43:44","date_gmt":"2021-12-21T18:43:44","guid":{"rendered":"https:\/\/reymu.com.ar\/web\/?post_type=product&#038;p=2614"},"modified":"2022-04-12T19:05:26","modified_gmt":"2022-04-12T19:05:26","slug":"aparejo-electrico-500-kg-cod-306","status":"publish","type":"product","link":"https:\/\/reymu.com.ar\/web\/producto\/aparejos\/aparejo-electrico-500-kg-cod-306\/","title":{"rendered":"APAREJO EL\u00c9CTRICO 500 KG. (C\u00d3D. 306)"},"content":{"rendered":"<p><strong>FICHA T\u00c9CNICA<\/strong><br \/>\nAlimentaci\u00f3n: 220 V \/ 50 Hz<br \/>\nMotor: 1050 Watts.<br \/>\nCapacidad m\u00e1xima de carga: 500 Kgs.<br \/>\nCapacidad de elevaci\u00f3n: 11-5,5 kg<br \/>\nVelocidad de elevaci\u00f3n: 10 metros\/minuto.<br \/>\nLongitud de cable: 12 m<br \/>\nDi\u00e1metro de cable: 4.2 mm.<br \/>\nResistencia del cable: 1250 Kg<br \/>\nServicio: S3 20% &#8211; 10 min<br \/>\nPeso estimado: 17 Kgs.<br \/>\nOrigen: China<\/p>\n<p>&nbsp;<\/p>\n<p><em>Brindamos una soluci\u00f3n a medida para cada necesidad. No dudes en <a href=\"https:\/\/reymu.com.ar\/web\/contacto\/\">consultarnos<\/a>.<\/em><\/p>\n","protected":false},"excerpt":{"rendered":"<p>Aparejo el\u00e9ctrico monof\u00e1sico dise\u00f1ado para elevar y bajar cargas suspendidas de su gancho, con pesos, alturas y frecuencia de trabajo limitadas. Ideal para uso en talleres u obras. Provisto de bot\u00f3n de parada de emergencia. Con polea de inversi\u00f3n.<\/p>\n<p>&nbsp;<\/p>\n<p>Manual de uso PDF | <a href=\"https:\/\/reymu.com.ar\/pdf-descargables\/ficha-tecnica_aparejo-electrico-500kg.pdf\" target=\"_blank\" rel=\"noopener\">Ficha t\u00e9cnica PDF<\/a> | <a href=\"https:\/\/reymu.com.ar\/listas\/catalogo-de-productos-reymu.pdf\" target=\"_blank\" rel=\"noopener\">Lista completa de productos<\/a><\/p>\n","protected":false},"featured_media":2764,"template":"","meta":{"_joinchat":[]},"product_brand":[],"product_cat":[39],"product_tag":[],"class_list":{"0":"post-2614","1":"product","2":"type-product","3":"status-publish","4":"has-post-thumbnail","6":"product_cat-aparejos","8":"first","9":"instock","10":"shipping-taxable","11":"product-type-simple"},"yoast_head":"<!-- This site is optimized with the Yoast SEO plugin v24.0 - https:\/\/yoast.com\/wordpress\/plugins\/seo\/ -->\n<title>APAREJO EL\u00c9CTRICO 500 KG. (C\u00d3D. 306) - BIENVENIDOS<\/title>\n<meta name=\"robots\" content=\"index, follow, max-snippet:-1, max-image-preview:large, max-video-preview:-1\" \/>\n<link rel=\"canonical\" href=\"https:\/\/reymu.com.ar\/web\/producto\/aparejos\/aparejo-electrico-500-kg-cod-306\/\" \/>\n<meta property=\"og:locale\" content=\"es_ES\" \/>\n<meta property=\"og:type\" content=\"article\" \/>\n<meta property=\"og:title\" content=\"APAREJO EL\u00c9CTRICO 500 KG. (C\u00d3D. 306) - BIENVENIDOS\" \/>\n<meta property=\"og:description\" content=\"Aparejo el\u00e9ctrico monof\u00e1sico dise\u00f1ado para elevar y bajar cargas suspendidas de su gancho, con pesos, alturas y frecuencia de trabajo limitadas. Ideal para uso en talleres u obras. Provisto de bot\u00f3n de parada de emergencia. Con polea de inversi\u00f3n.  &nbsp;  Manual de uso PDF | Ficha t\u00e9cnica PDF | Lista completa de productos\" \/>\n<meta property=\"og:url\" content=\"https:\/\/reymu.com.ar\/web\/producto\/aparejos\/aparejo-electrico-500-kg-cod-306\/\" \/>\n<meta property=\"og:site_name\" content=\"BIENVENIDOS\" \/>\n<meta property=\"article:modified_time\" content=\"2022-04-12T19:05:26+00:00\" \/>\n<meta property=\"og:image\" content=\"https:\/\/reymu.com.ar\/web\/wp-content\/uploads\/2021\/12\/aparejo-electrico.jpg\" \/>\n\t<meta property=\"og:image:width\" content=\"1080\" \/>\n\t<meta property=\"og:image:height\" content=\"1080\" \/>\n\t<meta property=\"og:image:type\" content=\"image\/jpeg\" \/>\n<meta name=\"twitter:card\" content=\"summary_large_image\" \/>\n<script type=\"application\/ld+json\" class=\"yoast-schema-graph\">{\"@context\":\"https:\/\/schema.org\",\"@graph\":[{\"@type\":\"WebPage\",\"@id\":\"https:\/\/reymu.com.ar\/web\/producto\/aparejos\/aparejo-electrico-500-kg-cod-306\/\",\"url\":\"https:\/\/reymu.com.ar\/web\/producto\/aparejos\/aparejo-electrico-500-kg-cod-306\/\",\"name\":\"APAREJO EL\u00c9CTRICO 500 KG. (C\u00d3D. 306) - BIENVENIDOS\",\"isPartOf\":{\"@id\":\"https:\/\/reymu.com.ar\/web\/#website\"},\"primaryImageOfPage\":{\"@id\":\"https:\/\/reymu.com.ar\/web\/producto\/aparejos\/aparejo-electrico-500-kg-cod-306\/#primaryimage\"},\"image\":{\"@id\":\"https:\/\/reymu.com.ar\/web\/producto\/aparejos\/aparejo-electrico-500-kg-cod-306\/#primaryimage\"},\"thumbnailUrl\":\"https:\/\/reymu.com.ar\/web\/wp-content\/uploads\/2021\/12\/aparejo-electrico.jpg\",\"datePublished\":\"2021-12-21T18:43:44+00:00\",\"dateModified\":\"2022-04-12T19:05:26+00:00\",\"breadcrumb\":{\"@id\":\"https:\/\/reymu.com.ar\/web\/producto\/aparejos\/aparejo-electrico-500-kg-cod-306\/#breadcrumb\"},\"inLanguage\":\"es-AR\",\"potentialAction\":[{\"@type\":\"ReadAction\",\"target\":[\"https:\/\/reymu.com.ar\/web\/producto\/aparejos\/aparejo-electrico-500-kg-cod-306\/\"]}]},{\"@type\":\"ImageObject\",\"inLanguage\":\"es-AR\",\"@id\":\"https:\/\/reymu.com.ar\/web\/producto\/aparejos\/aparejo-electrico-500-kg-cod-306\/#primaryimage\",\"url\":\"https:\/\/reymu.com.ar\/web\/wp-content\/uploads\/2021\/12\/aparejo-electrico.jpg\",\"contentUrl\":\"https:\/\/reymu.com.ar\/web\/wp-content\/uploads\/2021\/12\/aparejo-electrico.jpg\",\"width\":1080,\"height\":1080},{\"@type\":\"BreadcrumbList\",\"@id\":\"https:\/\/reymu.com.ar\/web\/producto\/aparejos\/aparejo-electrico-500-kg-cod-306\/#breadcrumb\",\"itemListElement\":[{\"@type\":\"ListItem\",\"position\":1,\"name\":\"Inicio\",\"item\":\"https:\/\/reymu.com.ar\/web\/\"},{\"@type\":\"ListItem\",\"position\":2,\"name\":\"Tienda\",\"item\":\"https:\/\/reymu.com.ar\/web\/tienda\/\"},{\"@type\":\"ListItem\",\"position\":3,\"name\":\"APAREJO EL\u00c9CTRICO 500 KG. (C\u00d3D. 306)\"}]},{\"@type\":\"WebSite\",\"@id\":\"https:\/\/reymu.com.ar\/web\/#website\",\"url\":\"https:\/\/reymu.com.ar\/web\/\",\"name\":\"BIENVENIDOS\",\"description\":\"Reymu Power &amp; Quality\",\"publisher\":{\"@id\":\"https:\/\/reymu.com.ar\/web\/#organization\"},\"potentialAction\":[{\"@type\":\"SearchAction\",\"target\":{\"@type\":\"EntryPoint\",\"urlTemplate\":\"https:\/\/reymu.com.ar\/web\/?s={search_term_string}\"},\"query-input\":{\"@type\":\"PropertyValueSpecification\",\"valueRequired\":true,\"valueName\":\"search_term_string\"}}],\"inLanguage\":\"es-AR\"},{\"@type\":\"Organization\",\"@id\":\"https:\/\/reymu.com.ar\/web\/#organization\",\"name\":\"BIENVENIDOS\",\"url\":\"https:\/\/reymu.com.ar\/web\/\",\"logo\":{\"@type\":\"ImageObject\",\"inLanguage\":\"es-AR\",\"@id\":\"https:\/\/reymu.com.ar\/web\/#\/schema\/logo\/image\/\",\"url\":\"https:\/\/reymu.com.ar\/web\/wp-content\/uploads\/2022\/03\/logo-peque-1.jpg\",\"contentUrl\":\"https:\/\/reymu.com.ar\/web\/wp-content\/uploads\/2022\/03\/logo-peque-1.jpg\",\"width\":165,\"height\":45,\"caption\":\"BIENVENIDOS\"},\"image\":{\"@id\":\"https:\/\/reymu.com.ar\/web\/#\/schema\/logo\/image\/\"}}]}<\/script>\n<!-- \/ Yoast SEO plugin. -->","yoast_head_json":{"title":"APAREJO EL\u00c9CTRICO 500 KG. (C\u00d3D. 306) - BIENVENIDOS","robots":{"index":"index","follow":"follow","max-snippet":"max-snippet:-1","max-image-preview":"max-image-preview:large","max-video-preview":"max-video-preview:-1"},"canonical":"https:\/\/reymu.com.ar\/web\/producto\/aparejos\/aparejo-electrico-500-kg-cod-306\/","og_locale":"es_ES","og_type":"article","og_title":"APAREJO EL\u00c9CTRICO 500 KG. (C\u00d3D. 306) - BIENVENIDOS","og_description":"Aparejo el\u00e9ctrico monof\u00e1sico dise\u00f1ado para elevar y bajar cargas suspendidas de su gancho, con pesos, alturas y frecuencia de trabajo limitadas. Ideal para uso en talleres u obras. Provisto de bot\u00f3n de parada de emergencia. Con polea de inversi\u00f3n.  &nbsp;  Manual de uso PDF | Ficha t\u00e9cnica PDF | Lista completa de productos","og_url":"https:\/\/reymu.com.ar\/web\/producto\/aparejos\/aparejo-electrico-500-kg-cod-306\/","og_site_name":"BIENVENIDOS","article_modified_time":"2022-04-12T19:05:26+00:00","og_image":[{"width":1080,"height":1080,"url":"https:\/\/reymu.com.ar\/web\/wp-content\/uploads\/2021\/12\/aparejo-electrico.jpg","type":"image\/jpeg"}],"twitter_card":"summary_large_image","schema":{"@context":"https:\/\/schema.org","@graph":[{"@type":"WebPage","@id":"https:\/\/reymu.com.ar\/web\/producto\/aparejos\/aparejo-electrico-500-kg-cod-306\/","url":"https:\/\/reymu.com.ar\/web\/producto\/aparejos\/aparejo-electrico-500-kg-cod-306\/","name":"APAREJO EL\u00c9CTRICO 500 KG. (C\u00d3D. 306) - BIENVENIDOS","isPartOf":{"@id":"https:\/\/reymu.com.ar\/web\/#website"},"primaryImageOfPage":{"@id":"https:\/\/reymu.com.ar\/web\/producto\/aparejos\/aparejo-electrico-500-kg-cod-306\/#primaryimage"},"image":{"@id":"https:\/\/reymu.com.ar\/web\/producto\/aparejos\/aparejo-electrico-500-kg-cod-306\/#primaryimage"},"thumbnailUrl":"https:\/\/reymu.com.ar\/web\/wp-content\/uploads\/2021\/12\/aparejo-electrico.jpg","datePublished":"2021-12-21T18:43:44+00:00","dateModified":"2022-04-12T19:05:26+00:00","breadcrumb":{"@id":"https:\/\/reymu.com.ar\/web\/producto\/aparejos\/aparejo-electrico-500-kg-cod-306\/#breadcrumb"},"inLanguage":"es-AR","potentialAction":[{"@type":"ReadAction","target":["https:\/\/reymu.com.ar\/web\/producto\/aparejos\/aparejo-electrico-500-kg-cod-306\/"]}]},{"@type":"ImageObject","inLanguage":"es-AR","@id":"https:\/\/reymu.com.ar\/web\/producto\/aparejos\/aparejo-electrico-500-kg-cod-306\/#primaryimage","url":"https:\/\/reymu.com.ar\/web\/wp-content\/uploads\/2021\/12\/aparejo-electrico.jpg","contentUrl":"https:\/\/reymu.com.ar\/web\/wp-content\/uploads\/2021\/12\/aparejo-electrico.jpg","width":1080,"height":1080},{"@type":"BreadcrumbList","@id":"https:\/\/reymu.com.ar\/web\/producto\/aparejos\/aparejo-electrico-500-kg-cod-306\/#breadcrumb","itemListElement":[{"@type":"ListItem","position":1,"name":"Inicio","item":"https:\/\/reymu.com.ar\/web\/"},{"@type":"ListItem","position":2,"name":"Tienda","item":"https:\/\/reymu.com.ar\/web\/tienda\/"},{"@type":"ListItem","position":3,"name":"APAREJO EL\u00c9CTRICO 500 KG. (C\u00d3D. 306)"}]},{"@type":"WebSite","@id":"https:\/\/reymu.com.ar\/web\/#website","url":"https:\/\/reymu.com.ar\/web\/","name":"BIENVENIDOS","description":"Reymu Power &amp; Quality","publisher":{"@id":"https:\/\/reymu.com.ar\/web\/#organization"},"potentialAction":[{"@type":"SearchAction","target":{"@type":"EntryPoint","urlTemplate":"https:\/\/reymu.com.ar\/web\/?s={search_term_string}"},"query-input":{"@type":"PropertyValueSpecification","valueRequired":true,"valueName":"search_term_string"}}],"inLanguage":"es-AR"},{"@type":"Organization","@id":"https:\/\/reymu.com.ar\/web\/#organization","name":"BIENVENIDOS","url":"https:\/\/reymu.com.ar\/web\/","logo":{"@type":"ImageObject","inLanguage":"es-AR","@id":"https:\/\/reymu.com.ar\/web\/#\/schema\/logo\/image\/","url":"https:\/\/reymu.com.ar\/web\/wp-content\/uploads\/2022\/03\/logo-peque-1.jpg","contentUrl":"https:\/\/reymu.com.ar\/web\/wp-content\/uploads\/2022\/03\/logo-peque-1.jpg","width":165,"height":45,"caption":"BIENVENIDOS"},"image":{"@id":"https:\/\/reymu.com.ar\/web\/#\/schema\/logo\/image\/"}}]}},"_links":{"self":[{"href":"https:\/\/reymu.com.ar\/web\/wp-json\/wp\/v2\/product\/2614","targetHints":{"allow":["GET"]}}],"collection":[{"href":"https:\/\/reymu.com.ar\/web\/wp-json\/wp\/v2\/product"}],"about":[{"href":"https:\/\/reymu.com.ar\/web\/wp-json\/wp\/v2\/types\/product"}],"wp:featuredmedia":[{"embeddable":true,"href":"https:\/\/reymu.com.ar\/web\/wp-json\/wp\/v2\/media\/2764"}],"wp:attachment":[{"href":"https:\/\/reymu.com.ar\/web\/wp-json\/wp\/v2\/media?parent=2614"}],"wp:term":[{"taxonomy":"product_brand","embeddable":true,"href":"https:\/\/reymu.com.ar\/web\/wp-json\/wp\/v2\/product_brand?post=2614"},{"taxonomy":"product_cat","embeddable":true,"href":"https:\/\/reymu.com.ar\/web\/wp-json\/wp\/v2\/product_cat?post=2614"},{"taxonomy":"product_tag","embeddable":true,"href":"https:\/\/reymu.com.ar\/web\/wp-json\/wp\/v2\/product_tag?post=2614"}],"curies":[{"name":"wp","href":"https:\/\/api.w.org\/{rel}","templated":true}]}}