{"id":2119,"date":"2021-11-02T18:34:33","date_gmt":"2021-11-02T18:34:33","guid":{"rendered":"https:\/\/reymu.com.ar\/web\/?post_type=product&#038;p=2119"},"modified":"2022-04-28T18:21:04","modified_gmt":"2022-04-28T18:21:04","slug":"compresor-de-aire-reymu-100l-mando-directo-cod-353","status":"publish","type":"product","link":"https:\/\/reymu.com.ar\/web\/producto\/compresores-de-aire\/compresor-de-aire-reymu-100l-mando-directo-cod-353\/","title":{"rendered":"COMPRESOR DE AIRE REYMU 100L  MANDO DIRECTO (C\u00d3D. 353)"},"content":{"rendered":"<p><strong>FICHA T\u00c9CNICA<\/strong><br \/>\nPotencia: 2.5HP.<br \/>\nSistema el\u00e9ctrico: Monof\u00e1sico<br \/>\nCilindros: Monocil\u00edndrico<br \/>\nAlimentaci\u00f3n: 220v \/ 50hz.<br \/>\nVelocidad sin carga: 1060 RPM<br \/>\nPresi\u00f3n m\u00e1xima: 8 bar<br \/>\nTanque: 100 L<br \/>\nFlujo de aire: 206 L\/min<br \/>\nCabezal de aluminio de acople directo.<br \/>\nSalida de aire con regulador de presi\u00f3n y man\u00f3metro.<br \/>\nDispositivo de corte y arranque autom\u00e1tico.<br \/>\nV\u00e1lvula de seguridad.<br \/>\nOrigen: China<\/p>\n<p>&nbsp;<\/p>\n<p><em>Brindamos una soluci\u00f3n a medida para cada necesidad. No dudes en <a href=\"https:\/\/reymu.com.ar\/web\/contacto\/\">consultarnos<\/a>.<\/em><\/p>\n","protected":false},"excerpt":{"rendered":"<p>Compresor de alta recuperaci\u00f3n con cilindro de fundici\u00f3n y motor bobinado de cobre. Ideal para peque\u00f1a industria, taller o gomer\u00eda. Es muy f\u00e1cil de instalar y requiere muy bajo mantenimiento.<\/p>\n<p>&nbsp;<\/p>\n<p><a href=\"https:\/\/reymu.com.ar\/pdf-descargables\/ficha-tecnica_compresor-100litros-directo.pdf\" target=\"_blank\" rel=\"noopener\">Ficha t\u00e9cnica PDF<\/a> | <a href=\"https:\/\/reymu.com.ar\/listas\/catalogo-de-productos-reymu.pdf\" target=\"_blank\" rel=\"noopener\">Lista completa de productos<\/a> | <a href=\"https:\/\/reymu.com.ar\/listas\/lista-de-repuestos-linea-aire.pdf\" target=\"_blank\" rel=\"noopener\">Lista de repuestos<\/a><\/p>\n","protected":false},"featured_media":3039,"template":"","meta":{"_joinchat":[]},"product_brand":[],"product_cat":[23],"product_tag":[],"class_list":{"0":"post-2119","1":"product","2":"type-product","3":"status-publish","4":"has-post-thumbnail","6":"product_cat-compresores-de-aire","8":"first","9":"instock","10":"shipping-taxable","11":"product-type-simple"},"yoast_head":"<!-- This site is optimized with the Yoast SEO plugin v24.0 - https:\/\/yoast.com\/wordpress\/plugins\/seo\/ -->\n<title>COMPRESOR DE AIRE REYMU 100L MANDO DIRECTO (C\u00d3D. 353) - BIENVENIDOS<\/title>\n<meta name=\"robots\" content=\"index, follow, max-snippet:-1, max-image-preview:large, max-video-preview:-1\" \/>\n<link rel=\"canonical\" href=\"https:\/\/reymu.com.ar\/web\/producto\/compresores-de-aire\/compresor-de-aire-reymu-100l-mando-directo-cod-353\/\" \/>\n<meta property=\"og:locale\" content=\"es_ES\" \/>\n<meta property=\"og:type\" content=\"article\" \/>\n<meta property=\"og:title\" content=\"COMPRESOR DE AIRE REYMU 100L MANDO DIRECTO (C\u00d3D. 353) - BIENVENIDOS\" \/>\n<meta property=\"og:description\" content=\"Compresor de alta recuperaci\u00f3n con cilindro de fundici\u00f3n y motor bobinado de cobre. Ideal para peque\u00f1a industria, taller o gomer\u00eda. Es muy f\u00e1cil de instalar y requiere muy bajo mantenimiento.  &nbsp;  Ficha t\u00e9cnica PDF | Lista completa de productos | Lista de repuestos\" \/>\n<meta property=\"og:url\" content=\"https:\/\/reymu.com.ar\/web\/producto\/compresores-de-aire\/compresor-de-aire-reymu-100l-mando-directo-cod-353\/\" \/>\n<meta property=\"og:site_name\" content=\"BIENVENIDOS\" \/>\n<meta property=\"article:modified_time\" content=\"2022-04-28T18:21:04+00:00\" \/>\n<meta property=\"og:image\" content=\"https:\/\/reymu.com.ar\/web\/wp-content\/uploads\/2021\/11\/compresor-100litros-directo.jpg\" \/>\n\t<meta property=\"og:image:width\" content=\"1080\" \/>\n\t<meta property=\"og:image:height\" content=\"1080\" \/>\n\t<meta property=\"og:image:type\" content=\"image\/jpeg\" \/>\n<meta name=\"twitter:card\" content=\"summary_large_image\" \/>\n<script type=\"application\/ld+json\" class=\"yoast-schema-graph\">{\"@context\":\"https:\/\/schema.org\",\"@graph\":[{\"@type\":\"WebPage\",\"@id\":\"https:\/\/reymu.com.ar\/web\/producto\/compresores-de-aire\/compresor-de-aire-reymu-100l-mando-directo-cod-353\/\",\"url\":\"https:\/\/reymu.com.ar\/web\/producto\/compresores-de-aire\/compresor-de-aire-reymu-100l-mando-directo-cod-353\/\",\"name\":\"COMPRESOR DE AIRE REYMU 100L MANDO DIRECTO (C\u00d3D. 353) - BIENVENIDOS\",\"isPartOf\":{\"@id\":\"https:\/\/reymu.com.ar\/web\/#website\"},\"primaryImageOfPage\":{\"@id\":\"https:\/\/reymu.com.ar\/web\/producto\/compresores-de-aire\/compresor-de-aire-reymu-100l-mando-directo-cod-353\/#primaryimage\"},\"image\":{\"@id\":\"https:\/\/reymu.com.ar\/web\/producto\/compresores-de-aire\/compresor-de-aire-reymu-100l-mando-directo-cod-353\/#primaryimage\"},\"thumbnailUrl\":\"https:\/\/reymu.com.ar\/web\/wp-content\/uploads\/2021\/11\/compresor-100litros-directo.jpg\",\"datePublished\":\"2021-11-02T18:34:33+00:00\",\"dateModified\":\"2022-04-28T18:21:04+00:00\",\"breadcrumb\":{\"@id\":\"https:\/\/reymu.com.ar\/web\/producto\/compresores-de-aire\/compresor-de-aire-reymu-100l-mando-directo-cod-353\/#breadcrumb\"},\"inLanguage\":\"es-AR\",\"potentialAction\":[{\"@type\":\"ReadAction\",\"target\":[\"https:\/\/reymu.com.ar\/web\/producto\/compresores-de-aire\/compresor-de-aire-reymu-100l-mando-directo-cod-353\/\"]}]},{\"@type\":\"ImageObject\",\"inLanguage\":\"es-AR\",\"@id\":\"https:\/\/reymu.com.ar\/web\/producto\/compresores-de-aire\/compresor-de-aire-reymu-100l-mando-directo-cod-353\/#primaryimage\",\"url\":\"https:\/\/reymu.com.ar\/web\/wp-content\/uploads\/2021\/11\/compresor-100litros-directo.jpg\",\"contentUrl\":\"https:\/\/reymu.com.ar\/web\/wp-content\/uploads\/2021\/11\/compresor-100litros-directo.jpg\",\"width\":1080,\"height\":1080},{\"@type\":\"BreadcrumbList\",\"@id\":\"https:\/\/reymu.com.ar\/web\/producto\/compresores-de-aire\/compresor-de-aire-reymu-100l-mando-directo-cod-353\/#breadcrumb\",\"itemListElement\":[{\"@type\":\"ListItem\",\"position\":1,\"name\":\"Inicio\",\"item\":\"https:\/\/reymu.com.ar\/web\/\"},{\"@type\":\"ListItem\",\"position\":2,\"name\":\"Tienda\",\"item\":\"https:\/\/reymu.com.ar\/web\/tienda\/\"},{\"@type\":\"ListItem\",\"position\":3,\"name\":\"COMPRESOR DE AIRE REYMU 100L MANDO DIRECTO (C\u00d3D. 353)\"}]},{\"@type\":\"WebSite\",\"@id\":\"https:\/\/reymu.com.ar\/web\/#website\",\"url\":\"https:\/\/reymu.com.ar\/web\/\",\"name\":\"BIENVENIDOS\",\"description\":\"Reymu Power &amp; Quality\",\"publisher\":{\"@id\":\"https:\/\/reymu.com.ar\/web\/#organization\"},\"potentialAction\":[{\"@type\":\"SearchAction\",\"target\":{\"@type\":\"EntryPoint\",\"urlTemplate\":\"https:\/\/reymu.com.ar\/web\/?s={search_term_string}\"},\"query-input\":{\"@type\":\"PropertyValueSpecification\",\"valueRequired\":true,\"valueName\":\"search_term_string\"}}],\"inLanguage\":\"es-AR\"},{\"@type\":\"Organization\",\"@id\":\"https:\/\/reymu.com.ar\/web\/#organization\",\"name\":\"BIENVENIDOS\",\"url\":\"https:\/\/reymu.com.ar\/web\/\",\"logo\":{\"@type\":\"ImageObject\",\"inLanguage\":\"es-AR\",\"@id\":\"https:\/\/reymu.com.ar\/web\/#\/schema\/logo\/image\/\",\"url\":\"https:\/\/reymu.com.ar\/web\/wp-content\/uploads\/2022\/03\/logo-peque-1.jpg\",\"contentUrl\":\"https:\/\/reymu.com.ar\/web\/wp-content\/uploads\/2022\/03\/logo-peque-1.jpg\",\"width\":165,\"height\":45,\"caption\":\"BIENVENIDOS\"},\"image\":{\"@id\":\"https:\/\/reymu.com.ar\/web\/#\/schema\/logo\/image\/\"}}]}<\/script>\n<!-- \/ Yoast SEO plugin. -->","yoast_head_json":{"title":"COMPRESOR DE AIRE REYMU 100L MANDO DIRECTO (C\u00d3D. 353) - BIENVENIDOS","robots":{"index":"index","follow":"follow","max-snippet":"max-snippet:-1","max-image-preview":"max-image-preview:large","max-video-preview":"max-video-preview:-1"},"canonical":"https:\/\/reymu.com.ar\/web\/producto\/compresores-de-aire\/compresor-de-aire-reymu-100l-mando-directo-cod-353\/","og_locale":"es_ES","og_type":"article","og_title":"COMPRESOR DE AIRE REYMU 100L MANDO DIRECTO (C\u00d3D. 353) - BIENVENIDOS","og_description":"Compresor de alta recuperaci\u00f3n con cilindro de fundici\u00f3n y motor bobinado de cobre. Ideal para peque\u00f1a industria, taller o gomer\u00eda. Es muy f\u00e1cil de instalar y requiere muy bajo mantenimiento.  &nbsp;  Ficha t\u00e9cnica PDF | Lista completa de productos | Lista de repuestos","og_url":"https:\/\/reymu.com.ar\/web\/producto\/compresores-de-aire\/compresor-de-aire-reymu-100l-mando-directo-cod-353\/","og_site_name":"BIENVENIDOS","article_modified_time":"2022-04-28T18:21:04+00:00","og_image":[{"width":1080,"height":1080,"url":"https:\/\/reymu.com.ar\/web\/wp-content\/uploads\/2021\/11\/compresor-100litros-directo.jpg","type":"image\/jpeg"}],"twitter_card":"summary_large_image","schema":{"@context":"https:\/\/schema.org","@graph":[{"@type":"WebPage","@id":"https:\/\/reymu.com.ar\/web\/producto\/compresores-de-aire\/compresor-de-aire-reymu-100l-mando-directo-cod-353\/","url":"https:\/\/reymu.com.ar\/web\/producto\/compresores-de-aire\/compresor-de-aire-reymu-100l-mando-directo-cod-353\/","name":"COMPRESOR DE AIRE REYMU 100L MANDO DIRECTO (C\u00d3D. 353) - BIENVENIDOS","isPartOf":{"@id":"https:\/\/reymu.com.ar\/web\/#website"},"primaryImageOfPage":{"@id":"https:\/\/reymu.com.ar\/web\/producto\/compresores-de-aire\/compresor-de-aire-reymu-100l-mando-directo-cod-353\/#primaryimage"},"image":{"@id":"https:\/\/reymu.com.ar\/web\/producto\/compresores-de-aire\/compresor-de-aire-reymu-100l-mando-directo-cod-353\/#primaryimage"},"thumbnailUrl":"https:\/\/reymu.com.ar\/web\/wp-content\/uploads\/2021\/11\/compresor-100litros-directo.jpg","datePublished":"2021-11-02T18:34:33+00:00","dateModified":"2022-04-28T18:21:04+00:00","breadcrumb":{"@id":"https:\/\/reymu.com.ar\/web\/producto\/compresores-de-aire\/compresor-de-aire-reymu-100l-mando-directo-cod-353\/#breadcrumb"},"inLanguage":"es-AR","potentialAction":[{"@type":"ReadAction","target":["https:\/\/reymu.com.ar\/web\/producto\/compresores-de-aire\/compresor-de-aire-reymu-100l-mando-directo-cod-353\/"]}]},{"@type":"ImageObject","inLanguage":"es-AR","@id":"https:\/\/reymu.com.ar\/web\/producto\/compresores-de-aire\/compresor-de-aire-reymu-100l-mando-directo-cod-353\/#primaryimage","url":"https:\/\/reymu.com.ar\/web\/wp-content\/uploads\/2021\/11\/compresor-100litros-directo.jpg","contentUrl":"https:\/\/reymu.com.ar\/web\/wp-content\/uploads\/2021\/11\/compresor-100litros-directo.jpg","width":1080,"height":1080},{"@type":"BreadcrumbList","@id":"https:\/\/reymu.com.ar\/web\/producto\/compresores-de-aire\/compresor-de-aire-reymu-100l-mando-directo-cod-353\/#breadcrumb","itemListElement":[{"@type":"ListItem","position":1,"name":"Inicio","item":"https:\/\/reymu.com.ar\/web\/"},{"@type":"ListItem","position":2,"name":"Tienda","item":"https:\/\/reymu.com.ar\/web\/tienda\/"},{"@type":"ListItem","position":3,"name":"COMPRESOR DE AIRE REYMU 100L MANDO DIRECTO (C\u00d3D. 353)"}]},{"@type":"WebSite","@id":"https:\/\/reymu.com.ar\/web\/#website","url":"https:\/\/reymu.com.ar\/web\/","name":"BIENVENIDOS","description":"Reymu Power &amp; Quality","publisher":{"@id":"https:\/\/reymu.com.ar\/web\/#organization"},"potentialAction":[{"@type":"SearchAction","target":{"@type":"EntryPoint","urlTemplate":"https:\/\/reymu.com.ar\/web\/?s={search_term_string}"},"query-input":{"@type":"PropertyValueSpecification","valueRequired":true,"valueName":"search_term_string"}}],"inLanguage":"es-AR"},{"@type":"Organization","@id":"https:\/\/reymu.com.ar\/web\/#organization","name":"BIENVENIDOS","url":"https:\/\/reymu.com.ar\/web\/","logo":{"@type":"ImageObject","inLanguage":"es-AR","@id":"https:\/\/reymu.com.ar\/web\/#\/schema\/logo\/image\/","url":"https:\/\/reymu.com.ar\/web\/wp-content\/uploads\/2022\/03\/logo-peque-1.jpg","contentUrl":"https:\/\/reymu.com.ar\/web\/wp-content\/uploads\/2022\/03\/logo-peque-1.jpg","width":165,"height":45,"caption":"BIENVENIDOS"},"image":{"@id":"https:\/\/reymu.com.ar\/web\/#\/schema\/logo\/image\/"}}]}},"_links":{"self":[{"href":"https:\/\/reymu.com.ar\/web\/wp-json\/wp\/v2\/product\/2119","targetHints":{"allow":["GET"]}}],"collection":[{"href":"https:\/\/reymu.com.ar\/web\/wp-json\/wp\/v2\/product"}],"about":[{"href":"https:\/\/reymu.com.ar\/web\/wp-json\/wp\/v2\/types\/product"}],"wp:featuredmedia":[{"embeddable":true,"href":"https:\/\/reymu.com.ar\/web\/wp-json\/wp\/v2\/media\/3039"}],"wp:attachment":[{"href":"https:\/\/reymu.com.ar\/web\/wp-json\/wp\/v2\/media?parent=2119"}],"wp:term":[{"taxonomy":"product_brand","embeddable":true,"href":"https:\/\/reymu.com.ar\/web\/wp-json\/wp\/v2\/product_brand?post=2119"},{"taxonomy":"product_cat","embeddable":true,"href":"https:\/\/reymu.com.ar\/web\/wp-json\/wp\/v2\/product_cat?post=2119"},{"taxonomy":"product_tag","embeddable":true,"href":"https:\/\/reymu.com.ar\/web\/wp-json\/wp\/v2\/product_tag?post=2119"}],"curies":[{"name":"wp","href":"https:\/\/api.w.org\/{rel}","templated":true}]}}