{"id":2099,"date":"2021-11-02T17:31:24","date_gmt":"2021-11-02T17:31:24","guid":{"rendered":"https:\/\/reymu.com.ar\/web\/?post_type=product&#038;p=2099"},"modified":"2022-04-28T18:18:11","modified_gmt":"2022-04-28T18:18:11","slug":"hidrolavadora-rm-1200-baby-cod-219","status":"publish","type":"product","link":"https:\/\/reymu.com.ar\/web\/producto\/hidrolavadoras\/hidrolavadora-rm-1200-baby-cod-219\/","title":{"rendered":"HIDROLAVADORA RM 1200 BABY (C\u00d3D. 219)"},"content":{"rendered":"<p><strong>FICHA T\u00c9CNICA<\/strong><br \/>\nPotencia: 1400w.<br \/>\nAlimentaci\u00f3n: 220\/240v 50hz.<br \/>\nFlujo: 6 litros\/min.<br \/>\nPresi\u00f3n de trabajo: 70 bar.<br \/>\nPresi\u00f3n M\u00e1xima: 105 bar.<br \/>\nIncluye Lanza 3 tramos.<br \/>\nManguera de salida: 5 metros con acople r\u00e1pido.<br \/>\nCable de alimentaci\u00f3n: 1,5 metros.<br \/>\nPeso: 12 Kgs.<br \/>\nOrigen: China<\/p>\n<p>&nbsp;<\/p>\n<p><em>Brindamos una soluci\u00f3n a medida para cada necesidad. No dudes en <a href=\"https:\/\/reymu.com.ar\/web\/contacto\/\">consultarnos<\/a>.<\/em><\/p>\n","protected":false},"excerpt":{"rendered":"<p><span style=\"font-weight: 400;\">Equipo ideal para uso dom\u00e9stico ligero. Gran aliado del hogar por su dise\u00f1o compacto, f\u00e1cil de transportar y almacenar. Muy\u00a0 eficiente en tareas de limpieza de bicicletas, veh\u00edculos y muebles de jard\u00edn. Adem\u00e1s, recomendada para limpiar ambientes peque\u00f1os, cocheras, patios, paredes, etc.<\/span><\/p>\n<p>&nbsp;<\/p>\n<p><a href=\"https:\/\/reymu.com.ar\/pdf-descargables\/ficha-tecnica_hidrolavadora-rm1200baby.pdf\" target=\"_blank\" rel=\"noopener\">Ficha t\u00e9cnica PDF<\/a> | <a href=\"https:\/\/reymu.com.ar\/listas\/catalogo-de-productos-reymu.pdf\" target=\"_blank\" rel=\"noopener\">Lista completa de productos <\/a>| <a href=\"https:\/\/reymu.com.ar\/listas\/lista-de-repuestos-linea-hidrolavadoras.pdf\" target=\"_blank\" rel=\"noopener\">Lista de repuestos<\/a><\/p>\n","protected":false},"featured_media":2105,"template":"","meta":{"_joinchat":[]},"product_brand":[],"product_cat":[22],"product_tag":[],"class_list":{"0":"post-2099","1":"product","2":"type-product","3":"status-publish","4":"has-post-thumbnail","6":"product_cat-hidrolavadoras","8":"first","9":"instock","10":"shipping-taxable","11":"product-type-simple"},"yoast_head":"<!-- This site is optimized with the Yoast SEO plugin v24.0 - https:\/\/yoast.com\/wordpress\/plugins\/seo\/ -->\n<title>HIDROLAVADORA RM 1200 BABY (C\u00d3D. 219) - BIENVENIDOS<\/title>\n<meta name=\"robots\" content=\"index, follow, max-snippet:-1, max-image-preview:large, max-video-preview:-1\" \/>\n<link rel=\"canonical\" href=\"https:\/\/reymu.com.ar\/web\/producto\/hidrolavadoras\/hidrolavadora-rm-1200-baby-cod-219\/\" \/>\n<meta property=\"og:locale\" content=\"es_ES\" \/>\n<meta property=\"og:type\" content=\"article\" \/>\n<meta property=\"og:title\" content=\"HIDROLAVADORA RM 1200 BABY (C\u00d3D. 219) - BIENVENIDOS\" \/>\n<meta property=\"og:description\" content=\"Equipo ideal para uso dom\u00e9stico ligero. Gran aliado del hogar por su dise\u00f1o compacto, f\u00e1cil de transportar y almacenar. Muy\u00a0 eficiente en tareas de limpieza de bicicletas, veh\u00edculos y muebles de jard\u00edn. Adem\u00e1s, recomendada para limpiar ambientes peque\u00f1os, cocheras, patios, paredes, etc.  &nbsp;  Ficha t\u00e9cnica PDF | Lista completa de productos | Lista de repuestos\" \/>\n<meta property=\"og:url\" content=\"https:\/\/reymu.com.ar\/web\/producto\/hidrolavadoras\/hidrolavadora-rm-1200-baby-cod-219\/\" \/>\n<meta property=\"og:site_name\" content=\"BIENVENIDOS\" \/>\n<meta property=\"article:modified_time\" content=\"2022-04-28T18:18:11+00:00\" \/>\n<meta property=\"og:image\" content=\"https:\/\/reymu.com.ar\/web\/wp-content\/uploads\/2021\/11\/hidrolavadora-rm1200baby_1-1.jpg\" \/>\n\t<meta property=\"og:image:width\" content=\"1080\" \/>\n\t<meta property=\"og:image:height\" content=\"1080\" \/>\n\t<meta property=\"og:image:type\" content=\"image\/jpeg\" \/>\n<meta name=\"twitter:card\" content=\"summary_large_image\" \/>\n<script type=\"application\/ld+json\" class=\"yoast-schema-graph\">{\"@context\":\"https:\/\/schema.org\",\"@graph\":[{\"@type\":\"WebPage\",\"@id\":\"https:\/\/reymu.com.ar\/web\/producto\/hidrolavadoras\/hidrolavadora-rm-1200-baby-cod-219\/\",\"url\":\"https:\/\/reymu.com.ar\/web\/producto\/hidrolavadoras\/hidrolavadora-rm-1200-baby-cod-219\/\",\"name\":\"HIDROLAVADORA RM 1200 BABY (C\u00d3D. 219) - BIENVENIDOS\",\"isPartOf\":{\"@id\":\"https:\/\/reymu.com.ar\/web\/#website\"},\"primaryImageOfPage\":{\"@id\":\"https:\/\/reymu.com.ar\/web\/producto\/hidrolavadoras\/hidrolavadora-rm-1200-baby-cod-219\/#primaryimage\"},\"image\":{\"@id\":\"https:\/\/reymu.com.ar\/web\/producto\/hidrolavadoras\/hidrolavadora-rm-1200-baby-cod-219\/#primaryimage\"},\"thumbnailUrl\":\"https:\/\/reymu.com.ar\/web\/wp-content\/uploads\/2021\/11\/hidrolavadora-rm1200baby_1-1.jpg\",\"datePublished\":\"2021-11-02T17:31:24+00:00\",\"dateModified\":\"2022-04-28T18:18:11+00:00\",\"breadcrumb\":{\"@id\":\"https:\/\/reymu.com.ar\/web\/producto\/hidrolavadoras\/hidrolavadora-rm-1200-baby-cod-219\/#breadcrumb\"},\"inLanguage\":\"es-AR\",\"potentialAction\":[{\"@type\":\"ReadAction\",\"target\":[\"https:\/\/reymu.com.ar\/web\/producto\/hidrolavadoras\/hidrolavadora-rm-1200-baby-cod-219\/\"]}]},{\"@type\":\"ImageObject\",\"inLanguage\":\"es-AR\",\"@id\":\"https:\/\/reymu.com.ar\/web\/producto\/hidrolavadoras\/hidrolavadora-rm-1200-baby-cod-219\/#primaryimage\",\"url\":\"https:\/\/reymu.com.ar\/web\/wp-content\/uploads\/2021\/11\/hidrolavadora-rm1200baby_1-1.jpg\",\"contentUrl\":\"https:\/\/reymu.com.ar\/web\/wp-content\/uploads\/2021\/11\/hidrolavadora-rm1200baby_1-1.jpg\",\"width\":1080,\"height\":1080},{\"@type\":\"BreadcrumbList\",\"@id\":\"https:\/\/reymu.com.ar\/web\/producto\/hidrolavadoras\/hidrolavadora-rm-1200-baby-cod-219\/#breadcrumb\",\"itemListElement\":[{\"@type\":\"ListItem\",\"position\":1,\"name\":\"Inicio\",\"item\":\"https:\/\/reymu.com.ar\/web\/\"},{\"@type\":\"ListItem\",\"position\":2,\"name\":\"Tienda\",\"item\":\"https:\/\/reymu.com.ar\/web\/tienda\/\"},{\"@type\":\"ListItem\",\"position\":3,\"name\":\"HIDROLAVADORA RM 1200 BABY (C\u00d3D. 219)\"}]},{\"@type\":\"WebSite\",\"@id\":\"https:\/\/reymu.com.ar\/web\/#website\",\"url\":\"https:\/\/reymu.com.ar\/web\/\",\"name\":\"BIENVENIDOS\",\"description\":\"Reymu Power &amp; Quality\",\"publisher\":{\"@id\":\"https:\/\/reymu.com.ar\/web\/#organization\"},\"potentialAction\":[{\"@type\":\"SearchAction\",\"target\":{\"@type\":\"EntryPoint\",\"urlTemplate\":\"https:\/\/reymu.com.ar\/web\/?s={search_term_string}\"},\"query-input\":{\"@type\":\"PropertyValueSpecification\",\"valueRequired\":true,\"valueName\":\"search_term_string\"}}],\"inLanguage\":\"es-AR\"},{\"@type\":\"Organization\",\"@id\":\"https:\/\/reymu.com.ar\/web\/#organization\",\"name\":\"BIENVENIDOS\",\"url\":\"https:\/\/reymu.com.ar\/web\/\",\"logo\":{\"@type\":\"ImageObject\",\"inLanguage\":\"es-AR\",\"@id\":\"https:\/\/reymu.com.ar\/web\/#\/schema\/logo\/image\/\",\"url\":\"https:\/\/reymu.com.ar\/web\/wp-content\/uploads\/2022\/03\/logo-peque-1.jpg\",\"contentUrl\":\"https:\/\/reymu.com.ar\/web\/wp-content\/uploads\/2022\/03\/logo-peque-1.jpg\",\"width\":165,\"height\":45,\"caption\":\"BIENVENIDOS\"},\"image\":{\"@id\":\"https:\/\/reymu.com.ar\/web\/#\/schema\/logo\/image\/\"}}]}<\/script>\n<!-- \/ Yoast SEO plugin. -->","yoast_head_json":{"title":"HIDROLAVADORA RM 1200 BABY (C\u00d3D. 219) - BIENVENIDOS","robots":{"index":"index","follow":"follow","max-snippet":"max-snippet:-1","max-image-preview":"max-image-preview:large","max-video-preview":"max-video-preview:-1"},"canonical":"https:\/\/reymu.com.ar\/web\/producto\/hidrolavadoras\/hidrolavadora-rm-1200-baby-cod-219\/","og_locale":"es_ES","og_type":"article","og_title":"HIDROLAVADORA RM 1200 BABY (C\u00d3D. 219) - BIENVENIDOS","og_description":"Equipo ideal para uso dom\u00e9stico ligero. Gran aliado del hogar por su dise\u00f1o compacto, f\u00e1cil de transportar y almacenar. Muy\u00a0 eficiente en tareas de limpieza de bicicletas, veh\u00edculos y muebles de jard\u00edn. Adem\u00e1s, recomendada para limpiar ambientes peque\u00f1os, cocheras, patios, paredes, etc.  &nbsp;  Ficha t\u00e9cnica PDF | Lista completa de productos | Lista de repuestos","og_url":"https:\/\/reymu.com.ar\/web\/producto\/hidrolavadoras\/hidrolavadora-rm-1200-baby-cod-219\/","og_site_name":"BIENVENIDOS","article_modified_time":"2022-04-28T18:18:11+00:00","og_image":[{"width":1080,"height":1080,"url":"https:\/\/reymu.com.ar\/web\/wp-content\/uploads\/2021\/11\/hidrolavadora-rm1200baby_1-1.jpg","type":"image\/jpeg"}],"twitter_card":"summary_large_image","schema":{"@context":"https:\/\/schema.org","@graph":[{"@type":"WebPage","@id":"https:\/\/reymu.com.ar\/web\/producto\/hidrolavadoras\/hidrolavadora-rm-1200-baby-cod-219\/","url":"https:\/\/reymu.com.ar\/web\/producto\/hidrolavadoras\/hidrolavadora-rm-1200-baby-cod-219\/","name":"HIDROLAVADORA RM 1200 BABY (C\u00d3D. 219) - BIENVENIDOS","isPartOf":{"@id":"https:\/\/reymu.com.ar\/web\/#website"},"primaryImageOfPage":{"@id":"https:\/\/reymu.com.ar\/web\/producto\/hidrolavadoras\/hidrolavadora-rm-1200-baby-cod-219\/#primaryimage"},"image":{"@id":"https:\/\/reymu.com.ar\/web\/producto\/hidrolavadoras\/hidrolavadora-rm-1200-baby-cod-219\/#primaryimage"},"thumbnailUrl":"https:\/\/reymu.com.ar\/web\/wp-content\/uploads\/2021\/11\/hidrolavadora-rm1200baby_1-1.jpg","datePublished":"2021-11-02T17:31:24+00:00","dateModified":"2022-04-28T18:18:11+00:00","breadcrumb":{"@id":"https:\/\/reymu.com.ar\/web\/producto\/hidrolavadoras\/hidrolavadora-rm-1200-baby-cod-219\/#breadcrumb"},"inLanguage":"es-AR","potentialAction":[{"@type":"ReadAction","target":["https:\/\/reymu.com.ar\/web\/producto\/hidrolavadoras\/hidrolavadora-rm-1200-baby-cod-219\/"]}]},{"@type":"ImageObject","inLanguage":"es-AR","@id":"https:\/\/reymu.com.ar\/web\/producto\/hidrolavadoras\/hidrolavadora-rm-1200-baby-cod-219\/#primaryimage","url":"https:\/\/reymu.com.ar\/web\/wp-content\/uploads\/2021\/11\/hidrolavadora-rm1200baby_1-1.jpg","contentUrl":"https:\/\/reymu.com.ar\/web\/wp-content\/uploads\/2021\/11\/hidrolavadora-rm1200baby_1-1.jpg","width":1080,"height":1080},{"@type":"BreadcrumbList","@id":"https:\/\/reymu.com.ar\/web\/producto\/hidrolavadoras\/hidrolavadora-rm-1200-baby-cod-219\/#breadcrumb","itemListElement":[{"@type":"ListItem","position":1,"name":"Inicio","item":"https:\/\/reymu.com.ar\/web\/"},{"@type":"ListItem","position":2,"name":"Tienda","item":"https:\/\/reymu.com.ar\/web\/tienda\/"},{"@type":"ListItem","position":3,"name":"HIDROLAVADORA RM 1200 BABY (C\u00d3D. 219)"}]},{"@type":"WebSite","@id":"https:\/\/reymu.com.ar\/web\/#website","url":"https:\/\/reymu.com.ar\/web\/","name":"BIENVENIDOS","description":"Reymu Power &amp; Quality","publisher":{"@id":"https:\/\/reymu.com.ar\/web\/#organization"},"potentialAction":[{"@type":"SearchAction","target":{"@type":"EntryPoint","urlTemplate":"https:\/\/reymu.com.ar\/web\/?s={search_term_string}"},"query-input":{"@type":"PropertyValueSpecification","valueRequired":true,"valueName":"search_term_string"}}],"inLanguage":"es-AR"},{"@type":"Organization","@id":"https:\/\/reymu.com.ar\/web\/#organization","name":"BIENVENIDOS","url":"https:\/\/reymu.com.ar\/web\/","logo":{"@type":"ImageObject","inLanguage":"es-AR","@id":"https:\/\/reymu.com.ar\/web\/#\/schema\/logo\/image\/","url":"https:\/\/reymu.com.ar\/web\/wp-content\/uploads\/2022\/03\/logo-peque-1.jpg","contentUrl":"https:\/\/reymu.com.ar\/web\/wp-content\/uploads\/2022\/03\/logo-peque-1.jpg","width":165,"height":45,"caption":"BIENVENIDOS"},"image":{"@id":"https:\/\/reymu.com.ar\/web\/#\/schema\/logo\/image\/"}}]}},"_links":{"self":[{"href":"https:\/\/reymu.com.ar\/web\/wp-json\/wp\/v2\/product\/2099","targetHints":{"allow":["GET"]}}],"collection":[{"href":"https:\/\/reymu.com.ar\/web\/wp-json\/wp\/v2\/product"}],"about":[{"href":"https:\/\/reymu.com.ar\/web\/wp-json\/wp\/v2\/types\/product"}],"wp:featuredmedia":[{"embeddable":true,"href":"https:\/\/reymu.com.ar\/web\/wp-json\/wp\/v2\/media\/2105"}],"wp:attachment":[{"href":"https:\/\/reymu.com.ar\/web\/wp-json\/wp\/v2\/media?parent=2099"}],"wp:term":[{"taxonomy":"product_brand","embeddable":true,"href":"https:\/\/reymu.com.ar\/web\/wp-json\/wp\/v2\/product_brand?post=2099"},{"taxonomy":"product_cat","embeddable":true,"href":"https:\/\/reymu.com.ar\/web\/wp-json\/wp\/v2\/product_cat?post=2099"},{"taxonomy":"product_tag","embeddable":true,"href":"https:\/\/reymu.com.ar\/web\/wp-json\/wp\/v2\/product_tag?post=2099"}],"curies":[{"name":"wp","href":"https:\/\/api.w.org\/{rel}","templated":true}]}}