{"id":3628,"date":"2024-11-22T02:55:55","date_gmt":"2024-11-22T02:55:55","guid":{"rendered":"https:\/\/reymu.com.ar\/web\/?page_id=3628"},"modified":"2024-12-07T00:46:34","modified_gmt":"2024-12-07T00:46:34","slug":"tactix","status":"publish","type":"page","link":"https:\/\/reymu.com.ar\/web\/marcas\/tactix\/","title":{"rendered":"TACTIX"},"content":{"rendered":"\n<p>Somos importadores de productos con marca propia y Distribuidores Oficiales de primeras marcas mundiales, como TACTIX. Aqu\u00ed les dejamos los cat\u00e1logos completos actualizados de productos.<\/p>\n\n\n\n<div class=\"wp-block-columns is-layout-flex wp-container-core-columns-is-layout-9d6595d7 wp-block-columns-is-layout-flex\">\n<div class=\"wp-block-column is-layout-flow wp-block-column-is-layout-flow\">\n<figure class=\"wp-block-image size-large is-resized\"><a href=\"https:\/\/reymu.com.ar\/web\/wp-content\/uploads\/2024\/12\/catalogo-oficial-tactix-2024-2025.pdf\" target=\"_blank\" rel=\" noreferrer noopener\"><img loading=\"lazy\" decoding=\"async\" width=\"724\" height=\"1024\" src=\"https:\/\/reymu.com.ar\/web\/wp-content\/uploads\/2024\/11\/portada-tactix-01-724x1024.png\" alt=\"\" class=\"wp-image-3756\" style=\"width:240px;height:auto\" srcset=\"https:\/\/reymu.com.ar\/web\/wp-content\/uploads\/2024\/11\/portada-tactix-01-724x1024.png 724w, https:\/\/reymu.com.ar\/web\/wp-content\/uploads\/2024\/11\/portada-tactix-01-212x300.png 212w, https:\/\/reymu.com.ar\/web\/wp-content\/uploads\/2024\/11\/portada-tactix-01-768x1086.png 768w, https:\/\/reymu.com.ar\/web\/wp-content\/uploads\/2024\/11\/portada-tactix-01-1086x1536.png 1086w, https:\/\/reymu.com.ar\/web\/wp-content\/uploads\/2024\/11\/portada-tactix-01-1448x2048.png 1448w, https:\/\/reymu.com.ar\/web\/wp-content\/uploads\/2024\/11\/portada-tactix-01-600x849.png 600w\" sizes=\"auto, (max-width: 724px) 100vw, 724px\" \/><\/a><\/figure>\n<\/div>\n\n\n\n<div class=\"wp-block-column is-layout-flow wp-block-column-is-layout-flow\">\n<figure class=\"wp-block-image size-large is-resized\"><a href=\"https:\/\/reymu.com.ar\/web\/wp-content\/uploads\/2024\/12\/catalogo-box-tactix-2024-2025.pdf\" target=\"_blank\" rel=\" noreferrer noopener\"><img loading=\"lazy\" decoding=\"async\" width=\"724\" height=\"1024\" src=\"https:\/\/reymu.com.ar\/web\/wp-content\/uploads\/2024\/12\/00-portada-1-724x1024.png\" alt=\"\" class=\"wp-image-3784\" style=\"width:241px;height:auto\" srcset=\"https:\/\/reymu.com.ar\/web\/wp-content\/uploads\/2024\/12\/00-portada-1-724x1024.png 724w, https:\/\/reymu.com.ar\/web\/wp-content\/uploads\/2024\/12\/00-portada-1-212x300.png 212w, https:\/\/reymu.com.ar\/web\/wp-content\/uploads\/2024\/12\/00-portada-1-768x1086.png 768w, https:\/\/reymu.com.ar\/web\/wp-content\/uploads\/2024\/12\/00-portada-1-1086x1536.png 1086w, https:\/\/reymu.com.ar\/web\/wp-content\/uploads\/2024\/12\/00-portada-1-1448x2048.png 1448w, https:\/\/reymu.com.ar\/web\/wp-content\/uploads\/2024\/12\/00-portada-1-600x848.png 600w, https:\/\/reymu.com.ar\/web\/wp-content\/uploads\/2024\/12\/00-portada-1.png 1654w\" sizes=\"auto, (max-width: 724px) 100vw, 724px\" \/><\/a><\/figure>\n<\/div>\n\n\n\n<div class=\"wp-block-column is-layout-flow wp-block-column-is-layout-flow\">\n<figure class=\"wp-block-image size-large is-resized\"><a href=\"https:\/\/reymu.com.ar\/web\/wp-content\/uploads\/2024\/11\/catalogo-protection-tactix-2024-2025.pdf\" target=\"_blank\" rel=\" noreferrer noopener\"><img loading=\"lazy\" decoding=\"async\" width=\"724\" height=\"1024\" src=\"https:\/\/reymu.com.ar\/web\/wp-content\/uploads\/2024\/11\/00-portada-proteccion-724x1024.png\" alt=\"\" class=\"wp-image-3765\" style=\"width:242px;height:auto\" srcset=\"https:\/\/reymu.com.ar\/web\/wp-content\/uploads\/2024\/11\/00-portada-proteccion-724x1024.png 724w, https:\/\/reymu.com.ar\/web\/wp-content\/uploads\/2024\/11\/00-portada-proteccion-212x300.png 212w, https:\/\/reymu.com.ar\/web\/wp-content\/uploads\/2024\/11\/00-portada-proteccion-768x1087.png 768w, https:\/\/reymu.com.ar\/web\/wp-content\/uploads\/2024\/11\/00-portada-proteccion-1086x1536.png 1086w, https:\/\/reymu.com.ar\/web\/wp-content\/uploads\/2024\/11\/00-portada-proteccion-1447x2048.png 1447w, https:\/\/reymu.com.ar\/web\/wp-content\/uploads\/2024\/11\/00-portada-proteccion-600x849.png 600w, https:\/\/reymu.com.ar\/web\/wp-content\/uploads\/2024\/11\/00-portada-proteccion.png 1653w\" sizes=\"auto, (max-width: 724px) 100vw, 724px\" \/><\/a><\/figure>\n<\/div>\n<\/div>\n\n\n\n<p>Puede descargar el cat\u00e1logo completo de <strong>Productos&nbsp;Tactix<\/strong>&nbsp;haciendo&nbsp;<a href=\"https:\/\/reymu.com.ar\/web\/wp-content\/uploads\/2024\/12\/catalogo-oficial-tactix-2024-2025.pdf\">Click aqu\u00ed!<\/a><br>Descargue el cat\u00e1logo <strong>Soluciones de Almacenamiento Taxtic<\/strong> haciendo <a href=\"https:\/\/reymu.com.ar\/web\/wp-content\/uploads\/2024\/12\/catalogo-box-tactix-2024-2025.pdf\" target=\"_blank\" rel=\"noreferrer noopener\">Click aqu\u00ed!!<\/a><br>Para descargar el cat\u00e1logo <strong>Equipos de protecci\u00f3n personal Tactix<\/strong> haga <a href=\"https:\/\/reymu.com.ar\/web\/wp-content\/uploads\/2024\/11\/catalogo-protection-tactix-2024-2025.pdf\" target=\"_blank\" rel=\"noreferrer noopener\">Click aqu\u00ed!<\/a><br><\/p>\n\n\n\n<p><\/p>\n","protected":false},"excerpt":{"rendered":"<p>Somos importadores de productos con marca propia y Distribuidores Oficiales de primeras marcas mundiales, como TACTIX. Aqu\u00ed les dejamos los cat\u00e1logos completos actualizados de productos. Puede descargar el cat\u00e1logo completo de Productos&nbsp;Tactix&nbsp;haciendo&nbsp;Click aqu\u00ed!Descargue el cat\u00e1logo Soluciones de Almacenamiento Taxtic haciendo Click aqu\u00ed!!Para descargar el cat\u00e1logo Equipos de protecci\u00f3n personal Tactix haga Click aqu\u00ed!<\/p>\n","protected":false},"author":2,"featured_media":0,"parent":3417,"menu_order":0,"comment_status":"closed","ping_status":"closed","template":"","meta":{"_joinchat":[],"footnotes":""},"class_list":["post-3628","page","type-page","status-publish","hentry"],"yoast_head":"<!-- This site is optimized with the Yoast SEO plugin v24.0 - https:\/\/yoast.com\/wordpress\/plugins\/seo\/ -->\n<title>TACTIX - BIENVENIDOS<\/title>\n<meta name=\"description\" content=\"Somos importadores y Distribuidores Oficiales de primeras marcas mundiales como Tactix, dejamos los cat\u00e1logos de productos.\" \/>\n<meta name=\"robots\" content=\"index, follow, max-snippet:-1, max-image-preview:large, max-video-preview:-1\" \/>\n<link rel=\"canonical\" href=\"https:\/\/reymu.com.ar\/web\/marcas\/tactix\/\" \/>\n<meta property=\"og:locale\" content=\"es_ES\" \/>\n<meta property=\"og:type\" content=\"article\" \/>\n<meta property=\"og:title\" content=\"TACTIX - BIENVENIDOS\" \/>\n<meta property=\"og:description\" content=\"Somos importadores y Distribuidores Oficiales de primeras marcas mundiales como Tactix, dejamos los cat\u00e1logos de productos.\" \/>\n<meta property=\"og:url\" content=\"https:\/\/reymu.com.ar\/web\/marcas\/tactix\/\" \/>\n<meta property=\"og:site_name\" content=\"BIENVENIDOS\" \/>\n<meta property=\"article:modified_time\" content=\"2024-12-07T00:46:34+00:00\" \/>\n<meta property=\"og:image\" content=\"https:\/\/reymu.com.ar\/web\/wp-content\/uploads\/2024\/11\/portada-tactix-01-724x1024.png\" \/>\n\t<meta property=\"og:image:width\" content=\"724\" \/>\n\t<meta property=\"og:image:height\" content=\"1024\" \/>\n\t<meta property=\"og:image:type\" content=\"image\/png\" \/>\n<meta name=\"twitter:card\" content=\"summary_large_image\" \/>\n<meta name=\"twitter:label1\" content=\"Tiempo de lectura\" \/>\n\t<meta name=\"twitter:data1\" content=\"1 minuto\" \/>\n<script type=\"application\/ld+json\" class=\"yoast-schema-graph\">{\"@context\":\"https:\/\/schema.org\",\"@graph\":[{\"@type\":\"WebPage\",\"@id\":\"https:\/\/reymu.com.ar\/web\/marcas\/tactix\/\",\"url\":\"https:\/\/reymu.com.ar\/web\/marcas\/tactix\/\",\"name\":\"TACTIX - BIENVENIDOS\",\"isPartOf\":{\"@id\":\"https:\/\/reymu.com.ar\/web\/#website\"},\"primaryImageOfPage\":{\"@id\":\"https:\/\/reymu.com.ar\/web\/marcas\/tactix\/#primaryimage\"},\"image\":{\"@id\":\"https:\/\/reymu.com.ar\/web\/marcas\/tactix\/#primaryimage\"},\"thumbnailUrl\":\"https:\/\/reymu.com.ar\/web\/wp-content\/uploads\/2024\/11\/portada-tactix-01-724x1024.png\",\"datePublished\":\"2024-11-22T02:55:55+00:00\",\"dateModified\":\"2024-12-07T00:46:34+00:00\",\"description\":\"Somos importadores y Distribuidores Oficiales de primeras marcas mundiales como Tactix, dejamos los cat\u00e1logos de productos.\",\"breadcrumb\":{\"@id\":\"https:\/\/reymu.com.ar\/web\/marcas\/tactix\/#breadcrumb\"},\"inLanguage\":\"es-AR\",\"potentialAction\":[{\"@type\":\"ReadAction\",\"target\":[\"https:\/\/reymu.com.ar\/web\/marcas\/tactix\/\"]}]},{\"@type\":\"ImageObject\",\"inLanguage\":\"es-AR\",\"@id\":\"https:\/\/reymu.com.ar\/web\/marcas\/tactix\/#primaryimage\",\"url\":\"https:\/\/reymu.com.ar\/web\/wp-content\/uploads\/2024\/11\/portada-tactix-01.png\",\"contentUrl\":\"https:\/\/reymu.com.ar\/web\/wp-content\/uploads\/2024\/11\/portada-tactix-01.png\",\"width\":3444,\"height\":4872},{\"@type\":\"BreadcrumbList\",\"@id\":\"https:\/\/reymu.com.ar\/web\/marcas\/tactix\/#breadcrumb\",\"itemListElement\":[{\"@type\":\"ListItem\",\"position\":1,\"name\":\"Inicio\",\"item\":\"https:\/\/reymu.com.ar\/web\/\"},{\"@type\":\"ListItem\",\"position\":2,\"name\":\"NUESTRA MARCAS\",\"item\":\"https:\/\/reymu.com.ar\/web\/marcas\/\"},{\"@type\":\"ListItem\",\"position\":3,\"name\":\"TACTIX\"}]},{\"@type\":\"WebSite\",\"@id\":\"https:\/\/reymu.com.ar\/web\/#website\",\"url\":\"https:\/\/reymu.com.ar\/web\/\",\"name\":\"BIENVENIDOS\",\"description\":\"Reymu Power &amp; Quality\",\"publisher\":{\"@id\":\"https:\/\/reymu.com.ar\/web\/#organization\"},\"potentialAction\":[{\"@type\":\"SearchAction\",\"target\":{\"@type\":\"EntryPoint\",\"urlTemplate\":\"https:\/\/reymu.com.ar\/web\/?s={search_term_string}\"},\"query-input\":{\"@type\":\"PropertyValueSpecification\",\"valueRequired\":true,\"valueName\":\"search_term_string\"}}],\"inLanguage\":\"es-AR\"},{\"@type\":\"Organization\",\"@id\":\"https:\/\/reymu.com.ar\/web\/#organization\",\"name\":\"BIENVENIDOS\",\"url\":\"https:\/\/reymu.com.ar\/web\/\",\"logo\":{\"@type\":\"ImageObject\",\"inLanguage\":\"es-AR\",\"@id\":\"https:\/\/reymu.com.ar\/web\/#\/schema\/logo\/image\/\",\"url\":\"https:\/\/reymu.com.ar\/web\/wp-content\/uploads\/2022\/03\/logo-peque-1.jpg\",\"contentUrl\":\"https:\/\/reymu.com.ar\/web\/wp-content\/uploads\/2022\/03\/logo-peque-1.jpg\",\"width\":165,\"height\":45,\"caption\":\"BIENVENIDOS\"},\"image\":{\"@id\":\"https:\/\/reymu.com.ar\/web\/#\/schema\/logo\/image\/\"}}]}<\/script>\n<!-- \/ Yoast SEO plugin. -->","yoast_head_json":{"title":"TACTIX - BIENVENIDOS","description":"Somos importadores y Distribuidores Oficiales de primeras marcas mundiales como Tactix, dejamos los cat\u00e1logos de productos.","robots":{"index":"index","follow":"follow","max-snippet":"max-snippet:-1","max-image-preview":"max-image-preview:large","max-video-preview":"max-video-preview:-1"},"canonical":"https:\/\/reymu.com.ar\/web\/marcas\/tactix\/","og_locale":"es_ES","og_type":"article","og_title":"TACTIX - BIENVENIDOS","og_description":"Somos importadores y Distribuidores Oficiales de primeras marcas mundiales como Tactix, dejamos los cat\u00e1logos de productos.","og_url":"https:\/\/reymu.com.ar\/web\/marcas\/tactix\/","og_site_name":"BIENVENIDOS","article_modified_time":"2024-12-07T00:46:34+00:00","og_image":[{"width":724,"height":1024,"url":"https:\/\/reymu.com.ar\/web\/wp-content\/uploads\/2024\/11\/portada-tactix-01-724x1024.png","type":"image\/png"}],"twitter_card":"summary_large_image","twitter_misc":{"Tiempo de lectura":"1 minuto"},"schema":{"@context":"https:\/\/schema.org","@graph":[{"@type":"WebPage","@id":"https:\/\/reymu.com.ar\/web\/marcas\/tactix\/","url":"https:\/\/reymu.com.ar\/web\/marcas\/tactix\/","name":"TACTIX - BIENVENIDOS","isPartOf":{"@id":"https:\/\/reymu.com.ar\/web\/#website"},"primaryImageOfPage":{"@id":"https:\/\/reymu.com.ar\/web\/marcas\/tactix\/#primaryimage"},"image":{"@id":"https:\/\/reymu.com.ar\/web\/marcas\/tactix\/#primaryimage"},"thumbnailUrl":"https:\/\/reymu.com.ar\/web\/wp-content\/uploads\/2024\/11\/portada-tactix-01-724x1024.png","datePublished":"2024-11-22T02:55:55+00:00","dateModified":"2024-12-07T00:46:34+00:00","description":"Somos importadores y Distribuidores Oficiales de primeras marcas mundiales como Tactix, dejamos los cat\u00e1logos de productos.","breadcrumb":{"@id":"https:\/\/reymu.com.ar\/web\/marcas\/tactix\/#breadcrumb"},"inLanguage":"es-AR","potentialAction":[{"@type":"ReadAction","target":["https:\/\/reymu.com.ar\/web\/marcas\/tactix\/"]}]},{"@type":"ImageObject","inLanguage":"es-AR","@id":"https:\/\/reymu.com.ar\/web\/marcas\/tactix\/#primaryimage","url":"https:\/\/reymu.com.ar\/web\/wp-content\/uploads\/2024\/11\/portada-tactix-01.png","contentUrl":"https:\/\/reymu.com.ar\/web\/wp-content\/uploads\/2024\/11\/portada-tactix-01.png","width":3444,"height":4872},{"@type":"BreadcrumbList","@id":"https:\/\/reymu.com.ar\/web\/marcas\/tactix\/#breadcrumb","itemListElement":[{"@type":"ListItem","position":1,"name":"Inicio","item":"https:\/\/reymu.com.ar\/web\/"},{"@type":"ListItem","position":2,"name":"NUESTRA MARCAS","item":"https:\/\/reymu.com.ar\/web\/marcas\/"},{"@type":"ListItem","position":3,"name":"TACTIX"}]},{"@type":"WebSite","@id":"https:\/\/reymu.com.ar\/web\/#website","url":"https:\/\/reymu.com.ar\/web\/","name":"BIENVENIDOS","description":"Reymu Power &amp; Quality","publisher":{"@id":"https:\/\/reymu.com.ar\/web\/#organization"},"potentialAction":[{"@type":"SearchAction","target":{"@type":"EntryPoint","urlTemplate":"https:\/\/reymu.com.ar\/web\/?s={search_term_string}"},"query-input":{"@type":"PropertyValueSpecification","valueRequired":true,"valueName":"search_term_string"}}],"inLanguage":"es-AR"},{"@type":"Organization","@id":"https:\/\/reymu.com.ar\/web\/#organization","name":"BIENVENIDOS","url":"https:\/\/reymu.com.ar\/web\/","logo":{"@type":"ImageObject","inLanguage":"es-AR","@id":"https:\/\/reymu.com.ar\/web\/#\/schema\/logo\/image\/","url":"https:\/\/reymu.com.ar\/web\/wp-content\/uploads\/2022\/03\/logo-peque-1.jpg","contentUrl":"https:\/\/reymu.com.ar\/web\/wp-content\/uploads\/2022\/03\/logo-peque-1.jpg","width":165,"height":45,"caption":"BIENVENIDOS"},"image":{"@id":"https:\/\/reymu.com.ar\/web\/#\/schema\/logo\/image\/"}}]}},"_links":{"self":[{"href":"https:\/\/reymu.com.ar\/web\/wp-json\/wp\/v2\/pages\/3628","targetHints":{"allow":["GET"]}}],"collection":[{"href":"https:\/\/reymu.com.ar\/web\/wp-json\/wp\/v2\/pages"}],"about":[{"href":"https:\/\/reymu.com.ar\/web\/wp-json\/wp\/v2\/types\/page"}],"author":[{"embeddable":true,"href":"https:\/\/reymu.com.ar\/web\/wp-json\/wp\/v2\/users\/2"}],"replies":[{"embeddable":true,"href":"https:\/\/reymu.com.ar\/web\/wp-json\/wp\/v2\/comments?post=3628"}],"version-history":[{"count":27,"href":"https:\/\/reymu.com.ar\/web\/wp-json\/wp\/v2\/pages\/3628\/revisions"}],"predecessor-version":[{"id":3839,"href":"https:\/\/reymu.com.ar\/web\/wp-json\/wp\/v2\/pages\/3628\/revisions\/3839"}],"up":[{"embeddable":true,"href":"https:\/\/reymu.com.ar\/web\/wp-json\/wp\/v2\/pages\/3417"}],"wp:attachment":[{"href":"https:\/\/reymu.com.ar\/web\/wp-json\/wp\/v2\/media?parent=3628"}],"curies":[{"name":"wp","href":"https:\/\/api.w.org\/{rel}","templated":true}]}}